{"id":1753,"date":"2023-09-12T16:39:43","date_gmt":"2023-09-12T14:39:43","guid":{"rendered":"https:\/\/avecco.ch\/?page_id=1753"},"modified":"2025-11-17T08:06:50","modified_gmt":"2025-11-17T07:06:50","slug":"apps","status":"publish","type":"page","link":"https:\/\/avecco.ch\/es\/apps\/","title":{"rendered":"Apps"},"content":{"rendered":"<div data-elementor-type=\"wp-page\" data-elementor-id=\"1753\" class=\"elementor elementor-1753\">\n\t\t\t\t\t\t<section class=\"elementor-section elementor-top-section elementor-element elementor-element-67af408 elementor-section-height-min-height elementor-section-boxed elementor-section-height-default elementor-section-items-middle\" data-id=\"67af408\" data-element_type=\"section\" data-settings=\"{&quot;background_background&quot;:&quot;classic&quot;}\">\n\t\t\t\t\t\t<div class=\"elementor-container elementor-column-gap-default\">\n\t\t\t\t\t<div class=\"elementor-column elementor-col-100 elementor-top-column elementor-element elementor-element-224f12e\" data-id=\"224f12e\" data-element_type=\"column\">\n\t\t\t<div class=\"elementor-widget-wrap elementor-element-populated\">\n\t\t\t\t\t\t<div class=\"elementor-element elementor-element-99a6513 avco-banner-heading elementor-widget elementor-widget-heading\" data-id=\"99a6513\" data-element_type=\"widget\" data-widget_type=\"heading.default\">\n\t\t\t\t<div class=\"elementor-widget-container\">\n\t\t\t\t\t<h1 class=\"elementor-heading-title elementor-size-large\">avecco Apps und KI<\/h1>\t\t\t\t<\/div>\n\t\t\t\t<\/div>\n\t\t\t\t\t<\/div>\n\t\t<\/div>\n\t\t\t\t\t<\/div>\n\t\t<\/section>\n\t\t\t\t<section class=\"elementor-section elementor-top-section elementor-element elementor-element-8716abf elementor-section-boxed elementor-section-height-default elementor-section-height-default\" data-id=\"8716abf\" data-element_type=\"section\" data-settings=\"{&quot;background_background&quot;:&quot;classic&quot;}\">\n\t\t\t\t\t\t<div class=\"elementor-container elementor-column-gap-default\">\n\t\t\t\t\t<div class=\"elementor-column elementor-col-100 elementor-top-column elementor-element elementor-element-3bb5269\" data-id=\"3bb5269\" data-element_type=\"column\">\n\t\t\t<div class=\"elementor-widget-wrap elementor-element-populated\">\n\t\t\t\t\t\t<div class=\"elementor-element elementor-element-ea4e1ab elementor-widget elementor-widget-text-editor\" data-id=\"ea4e1ab\" data-element_type=\"widget\" data-widget_type=\"text-editor.default\">\n\t\t\t\t<div class=\"elementor-widget-container\">\n\t\t\t\t\t\t\t\t\t<p>Con nuestros socios (p. ej. uipath.com, clover.io) desarrollamos la aplicaci\u00f3n \u00f3ptima para su caso de uso.<\/p><p>Definimos los requisitos con usted y desarrollamos la soluci\u00f3n adecuada. Especialmente para:<\/p>\t\t\t\t\t\t\t\t<\/div>\n\t\t\t\t<\/div>\n\t\t\t\t<div class=\"elementor-element elementor-element-4b35488 elementor-widget elementor-widget-text-editor\" data-id=\"4b35488\" data-element_type=\"widget\" data-widget_type=\"text-editor.default\">\n\t\t\t\t<div class=\"elementor-widget-container\">\n\t\t\t\t\t\t\t\t\t<ul>\n \t<li>IA para la optimizaci\u00f3n de procesos<\/li>\n \t<li>IA para la gesti\u00f3n de datos<\/li>\n \t<li>IA para el an\u00e1lisis de datos<\/li>\n \t<li>Modelizaci\u00f3n con IA<\/li>\n \t<li>Aprendizaje autom\u00e1tico<\/li>\n \t<li>App de mensajes y planificaci\u00f3n<\/li>\n \t<li>Desarrollo de apps y SW<\/li>\n \t<li>Gesti\u00f3n de proyectos con Scrum<\/li>\n<\/ul>\t\t\t\t\t\t\t\t<\/div>\n\t\t\t\t<\/div>\n\t\t\t\t<div class=\"elementor-element elementor-element-6771bf8 elementor-widget elementor-widget-text-editor\" data-id=\"6771bf8\" data-element_type=\"widget\" data-widget_type=\"text-editor.default\">\n\t\t\t\t<div class=\"elementor-widget-container\">\n\t\t\t\t\t\t\t\t\tLas tecnolog\u00edas evolucionan m\u00e1s r\u00e1pido que nunca. Estamos aqu\u00ed para ayudar a las empresas a mantenerse al d\u00eda y mejorar lo que hacen y c\u00f3mo lo hacen.\t\t\t\t\t\t\t\t<\/div>\n\t\t\t\t<\/div>\n\t\t\t\t<div class=\"elementor-element elementor-element-a3d383f elementor-widget elementor-widget-button\" data-id=\"a3d383f\" data-element_type=\"widget\" data-widget_type=\"button.default\">\n\t\t\t\t<div class=\"elementor-widget-container\">\n\t\t\t\t\t\t\t\t\t<div class=\"elementor-button-wrapper\">\n\t\t\t\t\t<a class=\"elementor-button elementor-button-link elementor-size-sm\" href=\"\/es\/kandidat-werden\/\">\n\t\t\t\t\t\t<span class=\"elementor-button-content-wrapper\">\n\t\t\t\t\t\t<span class=\"elementor-button-icon\">\n\t\t\t\t<i aria-hidden=\"true\" class=\"fas fa-user\"><\/i>\t\t\t<\/span>\n\t\t\t\t\t\t\t\t\t<span class=\"elementor-button-text\">Ser candidato<\/span>\n\t\t\t\t\t<\/span>\n\t\t\t\t\t<\/a>\n\t\t\t\t<\/div>\n\t\t\t\t\t\t\t\t<\/div>\n\t\t\t\t<\/div>\n\t\t\t\t<div class=\"elementor-element elementor-element-ba0d2df elementor-widget elementor-widget-button\" data-id=\"ba0d2df\" data-element_type=\"widget\" data-widget_type=\"button.default\">\n\t\t\t\t<div class=\"elementor-widget-container\">\n\t\t\t\t\t\t\t\t\t<div class=\"elementor-button-wrapper\">\n\t\t\t\t\t<a class=\"elementor-button elementor-button-link elementor-size-sm\" href=\"\/es\/companies\/\">\n\t\t\t\t\t\t<span class=\"elementor-button-content-wrapper\">\n\t\t\t\t\t\t<span class=\"elementor-button-icon\">\n\t\t\t\t<i aria-hidden=\"true\" class=\"fas fa-user\"><\/i>\t\t\t<\/span>\n\t\t\t\t\t\t\t\t\t<span class=\"elementor-button-text\">Encuentre al candidato perfecto<\/span>\n\t\t\t\t\t<\/span>\n\t\t\t\t\t<\/a>\n\t\t\t\t<\/div>\n\t\t\t\t\t\t\t\t<\/div>\n\t\t\t\t<\/div>\n\t\t\t\t\t<\/div>\n\t\t<\/div>\n\t\t\t\t\t<\/div>\n\t\t<\/section>\n\t\t\t\t<section class=\"elementor-section elementor-top-section elementor-element elementor-element-7584a2c elementor-section-boxed elementor-section-height-default elementor-section-height-default\" data-id=\"7584a2c\" data-element_type=\"section\" data-settings=\"{&quot;background_background&quot;:&quot;classic&quot;}\">\n\t\t\t\t\t\t<div class=\"elementor-container elementor-column-gap-custom\">\n\t\t\t\t\t<div class=\"elementor-column elementor-col-50 elementor-top-column elementor-element elementor-element-3cfba33\" data-id=\"3cfba33\" data-element_type=\"column\">\n\t\t\t<div class=\"elementor-widget-wrap elementor-element-populated\">\n\t\t\t\t\t\t<div class=\"elementor-element elementor-element-44a6401 elementor-widget elementor-widget-heading\" data-id=\"44a6401\" data-element_type=\"widget\" data-widget_type=\"heading.default\">\n\t\t\t\t<div class=\"elementor-widget-container\">\n\t\t\t\t\t<h1 class=\"elementor-heading-title elementor-size-large\">Contacte con<\/h1>\t\t\t\t<\/div>\n\t\t\t\t<\/div>\n\t\t\t\t<div class=\"elementor-element elementor-element-f410df8 elementor-widget elementor-widget-text-editor\" data-id=\"f410df8\" data-element_type=\"widget\" data-widget_type=\"text-editor.default\">\n\t\t\t\t<div class=\"elementor-widget-container\">\n\t\t\t\t\t\t\t\t\t<p>Nuestro equipo est\u00e1 a su disposici\u00f3n para responder a sus preguntas, aclarar dudas o explicarle cualquier aspecto que desee conocer.<\/p><p>Su satisfacci\u00f3n y comprensi\u00f3n son nuestra m\u00e1xima prioridad.<\/p>\t\t\t\t\t\t\t\t<\/div>\n\t\t\t\t<\/div>\n\t\t\t\t\t<\/div>\n\t\t<\/div>\n\t\t\t\t<div class=\"elementor-column elementor-col-50 elementor-top-column elementor-element elementor-element-a47b4ab avco-form-col-outer\" data-id=\"a47b4ab\" data-element_type=\"column\" data-settings=\"{&quot;background_background&quot;:&quot;classic&quot;}\">\n\t\t\t<div class=\"elementor-widget-wrap elementor-element-populated\">\n\t\t\t\t\t\t<div class=\"elementor-element elementor-element-bec9add avco-contact-form elementor-widget elementor-widget-shortcode\" data-id=\"bec9add\" data-element_type=\"widget\" data-widget_type=\"shortcode.default\">\n\t\t\t\t<div class=\"elementor-widget-container\">\n\t\t\t\t\t\t\t<div class=\"elementor-shortcode\"><div class=\"wpforms-container wpforms-container-full\" id=\"wpforms-1216\"><form id=\"wpforms-form-1216\" class=\"wpforms-validate wpforms-form wpforms-ajax-form\" data-formid=\"1216\" method=\"post\" enctype=\"multipart\/form-data\" action=\"\/es\/wp-json\/wp\/v2\/pages\/1753\" data-token=\"3f08af6e275fdec14b5fb4aabab01f0b\" data-token-time=\"1778419373\" data-trp-original-action=\"\/es\/wp-json\/wp\/v2\/pages\/1753\"><noscript class=\"wpforms-error-noscript\">Por favor, activa JavaScript en tu navegador para completar este formulario.<\/noscript><div class=\"wpforms-field-container\"><div id=\"wpforms-1216-field_3-container\" class=\"wpforms-field wpforms-field-text wpforms-one-half wpforms-first avco-form-2-col-field\" data-field-id=\"3\"><label class=\"wpforms-field-label\" for=\"wpforms-1216-field_3\">Name <span class=\"wpforms-required-label\">*<\/span><\/label><input type=\"text\" id=\"wpforms-1216-field_3\" class=\"wpforms-field-large wpforms-field-required\" name=\"wpforms[fields][3]\" required><\/div><div id=\"wpforms-1216-field_4-container\" class=\"wpforms-field wpforms-field-text avco-form-2-col-field wpforms-one-half\" data-field-id=\"4\"><label class=\"wpforms-field-label\" for=\"wpforms-1216-field_4\">Last name <span class=\"wpforms-required-label\">*<\/span><\/label><input type=\"text\" id=\"wpforms-1216-field_4\" class=\"wpforms-field-large wpforms-field-required\" name=\"wpforms[fields][4]\" required><\/div><div id=\"wpforms-1216-field_1-container\" class=\"wpforms-field wpforms-field-email avco-form-2-col-field wpforms-one-half wpforms-first\" data-field-id=\"1\"><label class=\"wpforms-field-label\" for=\"wpforms-1216-field_1\">E-Mail <span class=\"wpforms-required-label\">*<\/span><\/label><input type=\"email\" id=\"wpforms-1216-field_1\" class=\"wpforms-field-large wpforms-field-required\" name=\"wpforms[fields][1]\" spellcheck=\"false\" required><\/div><div id=\"wpforms-1216-field_5-container\" class=\"wpforms-field wpforms-field-text avco-form-2-col-field wpforms-one-half\" data-field-id=\"5\"><label class=\"wpforms-field-label\" for=\"wpforms-1216-field_5\">Phone<\/label><input type=\"text\" id=\"wpforms-1216-field_5\" class=\"wpforms-field-large\" name=\"wpforms[fields][5]\" ><\/div><div id=\"wpforms-1216-field_2-container\" class=\"wpforms-field wpforms-field-textarea wpforms-first\" data-field-id=\"2\"><label class=\"wpforms-field-label\" for=\"wpforms-1216-field_2\">Message <span class=\"wpforms-required-label\">*<\/span><\/label><textarea id=\"wpforms-1216-field_2\" class=\"wpforms-field-medium wpforms-field-required\" name=\"wpforms[fields][2]\" required><\/textarea><\/div><\/div><!-- .wpforms-field-container --><div class=\"wpforms-recaptcha-container wpforms-is-recaptcha wpforms-is-recaptcha-type-v3\" ><input type=\"hidden\" name=\"wpforms[recaptcha]\" value=\"\"><\/div><div class=\"wpforms-submit-container\" ><input type=\"hidden\" name=\"wpforms[id]\" value=\"1216\"><input type=\"hidden\" name=\"page_title\" value=\"\"><input type=\"hidden\" name=\"page_url\" value=\"https:\/\/avecco.ch\/es\/wp-json\/wp\/v2\/pages\/1753\"><input type=\"hidden\" name=\"url_referer\" value=\"\"><button type=\"submit\" name=\"wpforms[submit]\" id=\"wpforms-submit-1216\" class=\"wpforms-submit\" data-alt-text=\"versenden...\" data-submit-text=\"Send\" aria-live=\"assertive\" value=\"wpforms-submit\">Send<\/button><img decoding=\"async\" src=\"https:\/\/avecco.ch\/wp-content\/plugins\/wpforms\/assets\/images\/submit-spin.svg\" class=\"wpforms-submit-spinner\" style=\"display: none;\" width=\"26\" height=\"26\" alt=\"Cargando\"><\/div><input type=\"hidden\" name=\"trp-form-language\" value=\"es\"\/><\/form><\/div>  <!-- .wpforms-container --><\/div>\n\t\t\t\t\t\t<\/div>\n\t\t\t\t<\/div>\n\t\t\t\t\t<\/div>\n\t\t<\/div>\n\t\t\t\t\t<\/div>\n\t\t<\/section>\n\t\t\t\t<\/div>\n\t\t<div class=\"mega-wrap\" aria-hidden=\"true\"><div class=\"mega\" role=\"region\" aria-label=\"Offer menu\"><div class=\"mega-inner\"><div class=\"col col-left\"><ul class=\"left-list\"><li data-target=\"group-2679\"><a href=\"https:\/\/avecco.ch\/es\/jobangebot\/\" class=\"\">oferta de trabajo<\/a><span class=\"arrow\"><\/span><\/li><li><a href=\"https:\/\/avecco.ch\/es\/angebot\/\" class=\"\">Engineering<\/a><\/li><li><a href=\"https:\/\/avecco.ch\/es\/clean\/\" class=\"\">Personal<\/a><\/li><li><a href=\"https:\/\/avecco.ch\/es\/applicationform\/\" class=\"\">Bewerbung<\/a><\/li><\/ul><\/div><div class=\"col col-center\"><div id=\"group-2679\" class=\"group\"><ul><li><a href=\"https:\/\/avecco.ch\/es\/software-web-opportunities\/\" class=\"\">Software Development<\/a><\/li><li><a href=\"https:\/\/avecco.ch\/es\/data-science-jobs\/\" class=\"\">Ciencia de los datos<\/a><\/li><li><a href=\"https:\/\/avecco.ch\/es\/mechanical-engineering\/\" class=\"\">Mechanical Engineering<\/a><\/li><li><a href=\"https:\/\/avecco.ch\/es\/electric-engineering\/\" class=\"\">Electrical Engineering<\/a><\/li><\/ul><\/div><\/div><div class=\"col col-right\"><div class=\"promo\"><img decoding=\"async\" src=\"https:\/\/avecco.ch\/wp-content\/uploads\/2025\/11\/what-we-offer.png\" alt=\"Offer image\"><\/div><\/div><\/div><\/div><\/div><div class=\"mobile-menu\" id=\"mobileMenu\"><div class=\"close_wrapper\"><div class=\"logo\"><a href=\"\" class=\"logo-link\"><img decoding=\"async\" src=\"https:\/\/avecco.ch\/wp-content\/uploads\/2025\/10\/cropped-Avecco-Logo-with-slogan_Plan-de-travail-1-300x148-1-1-2.png\" alt=\"logo\" class=\"icon\"><\/a><\/div><span class=\"close-popup-mobile\"><svg xmlns=\"http:\/\/www.w3.org\/2000\/svg\" width=\"16\" height=\"16\" viewbox=\"0 0 16 16\" fill=\"none\">\n<path d=\"M14.8571 16C14.5646 16 14.2721 15.8884 14.049 15.6652L7.99999 9.61624L1.951 15.6653C1.5047 16.1116 0.78107 16.1116 0.334769 15.6653C0.111597 15.4421 3.24752e-05 15.1497 3.24752e-05 14.8571C3.24752e-05 14.5646 0.111597 14.2721 0.334769 14.049L6.38375 8L0.334726 1.95098C-0.111575 1.50463 -0.111575 0.781043 0.334726 0.334742C0.781027 -0.111559 1.50466 -0.111602 1.95096 0.334742L7.99999 6.38373L14.049 0.334742C14.4953 -0.111559 15.219 -0.111559 15.6653 0.334742C15.8884 0.557914 16 0.850354 16 1.14288C16 1.43536 15.8885 1.72785 15.6653 1.95102L9.61622 8L15.6653 14.049C16.1116 14.4953 16.1116 15.2189 15.6653 15.6652C15.4421 15.8884 15.1496 16 14.8571 16Z\" fill=\"#2A2A2A\"\/>\n<\/svg><\/span><\/div><ul class=\"mobile-menu-list\"><li><a href=\"https:\/\/avecco.ch\/es\/\" class=\"\">Home<\/a><\/li><li class=\"has-submenu\"><a href=\"https:\/\/avecco.ch\/es\/candidates\/\" class=\"\">Oferta<span class=\"arrow\"><\/span><\/a><ul class=\"submenu\"><li class=\"has-submenu\"><a href=\"https:\/\/avecco.ch\/es\/jobangebot\/\" class=\"\">oferta de trabajo<span class=\"arrow\"><\/span><\/a><ul class=\"sub-submenu\"><li><a href=\"https:\/\/avecco.ch\/es\/software-web-opportunities\/\" class=\"\">Software Development<\/a><\/li><li><a href=\"https:\/\/avecco.ch\/es\/data-science-jobs\/\" class=\"\">Ciencia de los datos<\/a><\/li><li><a href=\"https:\/\/avecco.ch\/es\/mechanical-engineering\/\" class=\"\">Mechanical Engineering<\/a><\/li><li><a href=\"https:\/\/avecco.ch\/es\/electric-engineering\/\" class=\"\">Electrical Engineering<\/a><\/li><\/ul><li><a href=\"https:\/\/avecco.ch\/es\/angebot\/\" class=\"\">Engineering<\/a><li><a href=\"https:\/\/avecco.ch\/es\/clean\/\" class=\"\">Personal<\/a><li><a href=\"https:\/\/avecco.ch\/es\/applicationform\/\" class=\"\">Bewerbung<\/a><div class=\"mobile-promo\"><img decoding=\"async\" src=\"https:\/\/avecco.ch\/wp-content\/uploads\/2025\/11\/what-we-offer.png\" alt=\"Offer image\"><\/div><\/ul><\/li><li><a href=\"https:\/\/avecco.ch\/es\/companies\/\" class=\"\">Referencias<\/a><\/li><li><a href=\"https:\/\/avecco.ch\/es\/about-us\/\" class=\"\">Sobre Nosotros<\/a><\/li><li><a href=\"https:\/\/avecco.ch\/es\/cvlist\/\" class=\"\">Unsere Kandidaten<\/a><\/li><li><a href=\"https:\/\/avecco.ch\/es\/#home-contact\" class=\"\">Contacte con<\/a><\/li><\/ul><\/div>","protected":false},"excerpt":{"rendered":"<p>avecco Apps und KI Mit unseren Partnern (z.B. uipath.com, clover.io) entwickeln wir die f\u00fcr Ihren use case optimale Anwendung. Wir definieren mit Ihnen Anforderungen\u00a0 und entwickeln die passende L\u00f6sung. Insbesondere f\u00fcr: KI f\u00fcr Prozessoptimierungen KI f\u00fcr Datenmanagement KI f\u00fcr Datenanalyse Modellbildung mit KI Machine Learning Message and Planing App App und SW development Project Managment [&hellip;]<\/p>","protected":false},"author":1,"featured_media":0,"parent":0,"menu_order":0,"comment_status":"closed","ping_status":"closed","template":"","meta":{"site-sidebar-layout":"no-sidebar","site-content-layout":"page-builder","ast-site-content-layout":"default","site-content-style":"default","site-sidebar-style":"default","ast-global-header-display":"","ast-banner-title-visibility":"","ast-main-header-display":"","ast-hfb-above-header-display":"","ast-hfb-below-header-display":"","ast-hfb-mobile-header-display":"","site-post-title":"disabled","ast-breadcrumbs-content":"","ast-featured-img":"disabled","footer-sml-layout":"","ast-disable-related-posts":"","theme-transparent-header-meta":"default","adv-header-id-meta":"","stick-header-meta":"","header-above-stick-meta":"","header-main-stick-meta":"","header-below-stick-meta":"","astra-migrate-meta-layouts":"default","ast-page-background-enabled":"default","ast-page-background-meta":{"desktop":{"background-color":"var(--ast-global-color-4)","background-image":"","background-repeat":"repeat","background-position":"center center","background-size":"auto","background-attachment":"scroll","background-type":"","background-media":"","overlay-type":"","overlay-color":"","overlay-opacity":"","overlay-gradient":""},"tablet":{"background-color":"","background-image":"","background-repeat":"repeat","background-position":"center center","background-size":"auto","background-attachment":"scroll","background-type":"","background-media":"","overlay-type":"","overlay-color":"","overlay-opacity":"","overlay-gradient":""},"mobile":{"background-color":"","background-image":"","background-repeat":"repeat","background-position":"center center","background-size":"auto","background-attachment":"scroll","background-type":"","background-media":"","overlay-type":"","overlay-color":"","overlay-opacity":"","overlay-gradient":""}},"ast-content-background-meta":{"desktop":{"background-color":"var(--ast-global-color-5)","background-image":"","background-repeat":"repeat","background-position":"center center","background-size":"auto","background-attachment":"scroll","background-type":"","background-media":"","overlay-type":"","overlay-color":"","overlay-opacity":"","overlay-gradient":""},"tablet":{"background-color":"var(--ast-global-color-5)","background-image":"","background-repeat":"repeat","background-position":"center center","background-size":"auto","background-attachment":"scroll","background-type":"","background-media":"","overlay-type":"","overlay-color":"","overlay-opacity":"","overlay-gradient":""},"mobile":{"background-color":"var(--ast-global-color-5)","background-image":"","background-repeat":"repeat","background-position":"center center","background-size":"auto","background-attachment":"scroll","background-type":"","background-media":"","overlay-type":"","overlay-color":"","overlay-opacity":"","overlay-gradient":""}},"footnotes":""},"class_list":["post-1753","page","type-page","status-publish","hentry"],"yoast_head":"<!-- This site is optimized with the Yoast SEO plugin v26.8 - https:\/\/yoast.com\/product\/yoast-seo-wordpress\/ -->\n<title>Apps - avecco.ch<\/title>\n<meta name=\"robots\" content=\"index, follow, max-snippet:-1, max-image-preview:large, max-video-preview:-1\" \/>\n<link rel=\"canonical\" href=\"https:\/\/avecco.ch\/es\/apps\/\" \/>\n<meta property=\"og:locale\" content=\"es_ES\" \/>\n<meta property=\"og:type\" content=\"article\" \/>\n<meta property=\"og:title\" content=\"Apps - avecco.ch\" \/>\n<meta property=\"og:description\" content=\"avecco Apps und KI Mit unseren Partnern (z.B. uipath.com, clover.io) entwickeln wir die f\u00fcr Ihren use case optimale Anwendung. Wir definieren mit Ihnen Anforderungen\u00a0 und entwickeln die passende L\u00f6sung. Insbesondere f\u00fcr: KI f\u00fcr Prozessoptimierungen KI f\u00fcr Datenmanagement KI f\u00fcr Datenanalyse Modellbildung mit KI Machine Learning Message and Planing App App und SW development Project Managment [&hellip;]\" \/>\n<meta property=\"og:url\" content=\"https:\/\/avecco.ch\/es\/apps\/\" \/>\n<meta property=\"og:site_name\" content=\"avecco.ch\" \/>\n<meta property=\"article:modified_time\" content=\"2025-11-17T07:06:50+00:00\" \/>\n<meta name=\"twitter:card\" content=\"summary_large_image\" \/>\n<meta name=\"twitter:label1\" content=\"Tiempo de lectura\" \/>\n\t<meta name=\"twitter:data1\" content=\"5 minutos\" \/>\n<script type=\"application\/ld+json\" class=\"yoast-schema-graph\">{\"@context\":\"https:\/\/schema.org\",\"@graph\":[{\"@type\":\"WebPage\",\"@id\":\"https:\/\/avecco.ch\/apps\/\",\"url\":\"https:\/\/avecco.ch\/apps\/\",\"name\":\"Apps - avecco.ch\",\"isPartOf\":{\"@id\":\"https:\/\/avecco.ch\/#website\"},\"datePublished\":\"2023-09-12T14:39:43+00:00\",\"dateModified\":\"2025-11-17T07:06:50+00:00\",\"breadcrumb\":{\"@id\":\"https:\/\/avecco.ch\/apps\/#breadcrumb\"},\"inLanguage\":\"es\",\"potentialAction\":[{\"@type\":\"ReadAction\",\"target\":[\"https:\/\/avecco.ch\/apps\/\"]}]},{\"@type\":\"BreadcrumbList\",\"@id\":\"https:\/\/avecco.ch\/apps\/#breadcrumb\",\"itemListElement\":[{\"@type\":\"ListItem\",\"position\":1,\"name\":\"Home\",\"item\":\"https:\/\/avecco.ch\/\"},{\"@type\":\"ListItem\",\"position\":2,\"name\":\"Apps\"}]},{\"@type\":\"WebSite\",\"@id\":\"https:\/\/avecco.ch\/#website\",\"url\":\"https:\/\/avecco.ch\/\",\"name\":\"avecco.ch\",\"description\":\"simplifying complex projects\",\"publisher\":{\"@id\":\"https:\/\/avecco.ch\/#organization\"},\"potentialAction\":[{\"@type\":\"SearchAction\",\"target\":{\"@type\":\"EntryPoint\",\"urlTemplate\":\"https:\/\/avecco.ch\/?s={search_term_string}\"},\"query-input\":{\"@type\":\"PropertyValueSpecification\",\"valueRequired\":true,\"valueName\":\"search_term_string\"}}],\"inLanguage\":\"es\"},{\"@type\":\"Organization\",\"@id\":\"https:\/\/avecco.ch\/#organization\",\"name\":\"avecco.ch\",\"url\":\"https:\/\/avecco.ch\/\",\"logo\":{\"@type\":\"ImageObject\",\"inLanguage\":\"es\",\"@id\":\"https:\/\/avecco.ch\/#\/schema\/logo\/image\/\",\"url\":\"https:\/\/avecco.ch\/wp-content\/uploads\/2025\/10\/cropped-cropped-Avecco-Logo-with-slogan_Plan-de-travail-1-300x148-1-1-3.png\",\"contentUrl\":\"https:\/\/avecco.ch\/wp-content\/uploads\/2025\/10\/cropped-cropped-Avecco-Logo-with-slogan_Plan-de-travail-1-300x148-1-1-3.png\",\"width\":452,\"height\":137,\"caption\":\"avecco.ch\"},\"image\":{\"@id\":\"https:\/\/avecco.ch\/#\/schema\/logo\/image\/\"}}]}<\/script>\n<!-- \/ Yoast SEO plugin. -->","yoast_head_json":{"title":"Apps - avecco.ch","robots":{"index":"index","follow":"follow","max-snippet":"max-snippet:-1","max-image-preview":"max-image-preview:large","max-video-preview":"max-video-preview:-1"},"canonical":"https:\/\/avecco.ch\/es\/apps\/","og_locale":"es_ES","og_type":"article","og_title":"Apps - avecco.ch","og_description":"avecco Apps und KI Mit unseren Partnern (z.B. uipath.com, clover.io) entwickeln wir die f\u00fcr Ihren use case optimale Anwendung. Wir definieren mit Ihnen Anforderungen\u00a0 und entwickeln die passende L\u00f6sung. Insbesondere f\u00fcr: KI f\u00fcr Prozessoptimierungen KI f\u00fcr Datenmanagement KI f\u00fcr Datenanalyse Modellbildung mit KI Machine Learning Message and Planing App App und SW development Project Managment [&hellip;]","og_url":"https:\/\/avecco.ch\/es\/apps\/","og_site_name":"avecco.ch","article_modified_time":"2025-11-17T07:06:50+00:00","twitter_card":"summary_large_image","twitter_misc":{"Tiempo de lectura":"5 minutos"},"schema":{"@context":"https:\/\/schema.org","@graph":[{"@type":"WebPage","@id":"https:\/\/avecco.ch\/apps\/","url":"https:\/\/avecco.ch\/apps\/","name":"Apps - avecco.ch","isPartOf":{"@id":"https:\/\/avecco.ch\/#website"},"datePublished":"2023-09-12T14:39:43+00:00","dateModified":"2025-11-17T07:06:50+00:00","breadcrumb":{"@id":"https:\/\/avecco.ch\/apps\/#breadcrumb"},"inLanguage":"es","potentialAction":[{"@type":"ReadAction","target":["https:\/\/avecco.ch\/apps\/"]}]},{"@type":"BreadcrumbList","@id":"https:\/\/avecco.ch\/apps\/#breadcrumb","itemListElement":[{"@type":"ListItem","position":1,"name":"Home","item":"https:\/\/avecco.ch\/"},{"@type":"ListItem","position":2,"name":"Apps"}]},{"@type":"WebSite","@id":"https:\/\/avecco.ch\/#website","url":"https:\/\/avecco.ch\/","name":"avecco.ch","description":"simplifying complex projects","publisher":{"@id":"https:\/\/avecco.ch\/#organization"},"potentialAction":[{"@type":"SearchAction","target":{"@type":"EntryPoint","urlTemplate":"https:\/\/avecco.ch\/?s={search_term_string}"},"query-input":{"@type":"PropertyValueSpecification","valueRequired":true,"valueName":"search_term_string"}}],"inLanguage":"es"},{"@type":"Organization","@id":"https:\/\/avecco.ch\/#organization","name":"avecco.ch","url":"https:\/\/avecco.ch\/","logo":{"@type":"ImageObject","inLanguage":"es","@id":"https:\/\/avecco.ch\/#\/schema\/logo\/image\/","url":"https:\/\/avecco.ch\/wp-content\/uploads\/2025\/10\/cropped-cropped-Avecco-Logo-with-slogan_Plan-de-travail-1-300x148-1-1-3.png","contentUrl":"https:\/\/avecco.ch\/wp-content\/uploads\/2025\/10\/cropped-cropped-Avecco-Logo-with-slogan_Plan-de-travail-1-300x148-1-1-3.png","width":452,"height":137,"caption":"avecco.ch"},"image":{"@id":"https:\/\/avecco.ch\/#\/schema\/logo\/image\/"}}]}},"_links":{"self":[{"href":"https:\/\/avecco.ch\/es\/wp-json\/wp\/v2\/pages\/1753","targetHints":{"allow":["GET"]}}],"collection":[{"href":"https:\/\/avecco.ch\/es\/wp-json\/wp\/v2\/pages"}],"about":[{"href":"https:\/\/avecco.ch\/es\/wp-json\/wp\/v2\/types\/page"}],"author":[{"embeddable":true,"href":"https:\/\/avecco.ch\/es\/wp-json\/wp\/v2\/users\/1"}],"replies":[{"embeddable":true,"href":"https:\/\/avecco.ch\/es\/wp-json\/wp\/v2\/comments?post=1753"}],"version-history":[{"count":59,"href":"https:\/\/avecco.ch\/es\/wp-json\/wp\/v2\/pages\/1753\/revisions"}],"predecessor-version":[{"id":3753,"href":"https:\/\/avecco.ch\/es\/wp-json\/wp\/v2\/pages\/1753\/revisions\/3753"}],"wp:attachment":[{"href":"https:\/\/avecco.ch\/es\/wp-json\/wp\/v2\/media?parent=1753"}],"curies":[{"name":"wp","href":"https:\/\/api.w.org\/{rel}","templated":true}]}}