{"id":942,"date":"2021-07-03T08:31:32","date_gmt":"2021-07-03T06:31:32","guid":{"rendered":"https:\/\/avecco.ch\/?page_id=942"},"modified":"2025-11-05T14:29:50","modified_gmt":"2025-11-05T13:29:50","slug":"engineering","status":"publish","type":"page","link":"https:\/\/avecco.ch\/es\/engineering\/","title":{"rendered":"Engineering"},"content":{"rendered":"<div data-elementor-type=\"wp-page\" data-elementor-id=\"942\" class=\"elementor elementor-942\">\n\t\t\t\t\t\t<section class=\"elementor-section elementor-top-section elementor-element elementor-element-154ccf4 elementor-section-height-min-height elementor-section-boxed elementor-section-height-default elementor-section-items-middle\" data-id=\"154ccf4\" data-element_type=\"section\" data-settings=\"{&quot;background_background&quot;:&quot;classic&quot;}\">\n\t\t\t\t\t\t<div class=\"elementor-container elementor-column-gap-default\">\n\t\t\t\t\t<div class=\"elementor-column elementor-col-100 elementor-top-column elementor-element elementor-element-172ede3\" data-id=\"172ede3\" data-element_type=\"column\">\n\t\t\t<div class=\"elementor-widget-wrap elementor-element-populated\">\n\t\t\t\t\t\t<div class=\"elementor-element elementor-element-e85e17d avco-banner-heading elementor-widget elementor-widget-heading\" data-id=\"e85e17d\" data-element_type=\"widget\" data-widget_type=\"heading.default\">\n\t\t\t\t<div class=\"elementor-widget-container\">\n\t\t\t\t\t<h1 class=\"elementor-heading-title elementor-size-large\">Engineering\u200b<\/h1>\t\t\t\t<\/div>\n\t\t\t\t<\/div>\n\t\t\t\t\t<\/div>\n\t\t<\/div>\n\t\t\t\t\t<\/div>\n\t\t<\/section>\n\t\t\t\t<section class=\"elementor-section elementor-top-section elementor-element elementor-element-b077442 avco-job-detail-content elementor-section-boxed elementor-section-height-default elementor-section-height-default\" data-id=\"b077442\" data-element_type=\"section\" data-settings=\"{&quot;background_background&quot;:&quot;slideshow&quot;,&quot;background_slideshow_gallery&quot;:[],&quot;background_slideshow_loop&quot;:&quot;yes&quot;,&quot;background_slideshow_slide_duration&quot;:5000,&quot;background_slideshow_slide_transition&quot;:&quot;fade&quot;,&quot;background_slideshow_transition_duration&quot;:500}\">\n\t\t\t\t\t\t<div class=\"elementor-container elementor-column-gap-default\">\n\t\t\t\t\t<div class=\"elementor-column elementor-col-100 elementor-top-column elementor-element elementor-element-6566bfa\" data-id=\"6566bfa\" data-element_type=\"column\">\n\t\t\t<div class=\"elementor-widget-wrap elementor-element-populated\">\n\t\t\t\t\t\t<div class=\"elementor-element elementor-element-86f872a elementor-widget elementor-widget-image\" data-id=\"86f872a\" data-element_type=\"widget\" data-widget_type=\"image.default\">\n\t\t\t\t<div class=\"elementor-widget-container\">\n\t\t\t\t\t\t\t\t\t\t\t\t\t\t\t<img fetchpriority=\"high\" decoding=\"async\" width=\"2000\" height=\"1000\" src=\"https:\/\/avecco.ch\/wp-content\/uploads\/2020\/10\/Job-Offer-Featured-Image-Template.jpg\" class=\"attachment-full size-full wp-image-710\" alt=\"\" srcset=\"https:\/\/avecco.ch\/wp-content\/uploads\/2020\/10\/Job-Offer-Featured-Image-Template.jpg 2000w, https:\/\/avecco.ch\/wp-content\/uploads\/2020\/10\/Job-Offer-Featured-Image-Template-300x150.jpg 300w, https:\/\/avecco.ch\/wp-content\/uploads\/2020\/10\/Job-Offer-Featured-Image-Template-1024x512.jpg 1024w, https:\/\/avecco.ch\/wp-content\/uploads\/2020\/10\/Job-Offer-Featured-Image-Template-768x384.jpg 768w, https:\/\/avecco.ch\/wp-content\/uploads\/2020\/10\/Job-Offer-Featured-Image-Template-1536x768.jpg 1536w\" sizes=\"(max-width: 2000px) 100vw, 2000px\" \/>\t\t\t\t\t\t\t\t\t\t\t\t\t\t\t<\/div>\n\t\t\t\t<\/div>\n\t\t\t\t\t<\/div>\n\t\t<\/div>\n\t\t\t\t\t<\/div>\n\t\t<\/section>\n\t\t\t\t<section class=\"elementor-section elementor-top-section elementor-element elementor-element-50a825e avco-job-detail-content elementor-section-boxed elementor-section-height-default elementor-section-height-default\" data-id=\"50a825e\" data-element_type=\"section\" data-settings=\"{&quot;background_background&quot;:&quot;slideshow&quot;,&quot;background_slideshow_gallery&quot;:[],&quot;background_slideshow_loop&quot;:&quot;yes&quot;,&quot;background_slideshow_slide_duration&quot;:5000,&quot;background_slideshow_slide_transition&quot;:&quot;fade&quot;,&quot;background_slideshow_transition_duration&quot;:500}\">\n\t\t\t\t\t\t<div class=\"elementor-container elementor-column-gap-default\">\n\t\t\t\t\t<div class=\"elementor-column elementor-col-100 elementor-top-column elementor-element elementor-element-81e12c1\" data-id=\"81e12c1\" data-element_type=\"column\">\n\t\t\t<div class=\"elementor-widget-wrap elementor-element-populated\">\n\t\t\t\t\t\t<div class=\"elementor-element elementor-element-6d76ece elementor-widget elementor-widget-text-editor\" data-id=\"6d76ece\" data-element_type=\"widget\" data-widget_type=\"text-editor.default\">\n\t\t\t\t<div class=\"elementor-widget-container\">\n\t\t\t\t\t\t\t\t\t<p>F\u00fcr unsere Kunden arbeiten wir ebenso an klar definierten Arbeitspaketen.<\/p><p>Wir erstellen Machbarkeitsstudien, Kosten-Nutzen Analysen und<\/p><p>bearbeiten in den Fachbereichen Systemtechnik, Maschinentechnik, Elektro- und Leittechnik als auch Bautechnik <u>Engineering Projekte<\/u>.<\/p><p><img decoding=\"async\" src=\"https:\/\/avecco.ch\/wp-content\/uploads\/2020\/10\/AdobeStock_2245852d19-300x152.jpeg\" alt=\"\" width=\"300\" height=\"152\" \/><\/p><p>Hierbei unterst\u00fctzen wir in den Projektphasen:<\/p><p><u>Konzept<\/u> =&gt; Klassierungen, Kategorisierungen, anzuwendende Regelwerke, Qualifikationsverfahren.<\/p><p><u>Design und Auslegung<\/u> =&gt; Spezifikationen f\u00fcr Komponenten und Systeme unter Ber\u00fccksichtigung der Kunden- und normativen Anforderungen. Gefahrenanalysen, Werkstoffwahl, Komponentenlisten, Spannungsanalysen, Berechnungen, Sicherheit- und Zuverl\u00e4ssigkeitsanalysen, Funktionspl\u00e4ne, Elektroschema, etc.<\/p><p><u>Herstellung und Fertigung <\/u>=&gt; Verfahrensbeschreibungen, Kalibrierungen, Vorpr\u00fcfunterlagen f\u00fcr Bau\u00fcberwachungen, Baubetreuung.<\/p><p><u>Test und Inbetriebnahme<\/u> =&gt; Protokolle, Funktionsf\u00e4higkeitsnachweise, As-Built Aufnahmen.<\/p><p><u>Wartun<\/u>g =&gt; Wartungsintervalle, Inspektionen, Ersatzteilbeschaffung<\/p>\t\t\t\t\t\t\t\t<\/div>\n\t\t\t\t<\/div>\n\t\t\t\t\t<\/div>\n\t\t<\/div>\n\t\t\t\t\t<\/div>\n\t\t<\/section>\n\t\t\t\t<section class=\"elementor-section elementor-top-section elementor-element elementor-element-c075aa8 avco-job-detail-content elementor-section-boxed elementor-section-height-default elementor-section-height-default\" data-id=\"c075aa8\" data-element_type=\"section\" data-settings=\"{&quot;background_background&quot;:&quot;slideshow&quot;,&quot;background_slideshow_gallery&quot;:[],&quot;background_slideshow_loop&quot;:&quot;yes&quot;,&quot;background_slideshow_slide_duration&quot;:5000,&quot;background_slideshow_slide_transition&quot;:&quot;fade&quot;,&quot;background_slideshow_transition_duration&quot;:500}\">\n\t\t\t\t\t\t<div class=\"elementor-container elementor-column-gap-default\">\n\t\t\t\t\t<div class=\"elementor-column elementor-col-100 elementor-top-column elementor-element elementor-element-f725522\" data-id=\"f725522\" data-element_type=\"column\">\n\t\t\t<div class=\"elementor-widget-wrap elementor-element-populated\">\n\t\t\t\t\t\t<div class=\"elementor-element elementor-element-f2cfb6a elementor-widget elementor-widget-image\" data-id=\"f2cfb6a\" data-element_type=\"widget\" data-widget_type=\"image.default\">\n\t\t\t\t<div class=\"elementor-widget-container\">\n\t\t\t\t\t\t\t\t\t\t\t\t\t\t\t<img decoding=\"async\" width=\"2000\" height=\"1000\" src=\"https:\/\/avecco.ch\/wp-content\/uploads\/2020\/10\/Data-Scientist-Sporting-Goods.jpg\" class=\"attachment-full size-full wp-image-771\" alt=\"\" srcset=\"https:\/\/avecco.ch\/wp-content\/uploads\/2020\/10\/Data-Scientist-Sporting-Goods.jpg 2000w, https:\/\/avecco.ch\/wp-content\/uploads\/2020\/10\/Data-Scientist-Sporting-Goods-300x150.jpg 300w, https:\/\/avecco.ch\/wp-content\/uploads\/2020\/10\/Data-Scientist-Sporting-Goods-1024x512.jpg 1024w, https:\/\/avecco.ch\/wp-content\/uploads\/2020\/10\/Data-Scientist-Sporting-Goods-768x384.jpg 768w, https:\/\/avecco.ch\/wp-content\/uploads\/2020\/10\/Data-Scientist-Sporting-Goods-1536x768.jpg 1536w\" sizes=\"(max-width: 2000px) 100vw, 2000px\" \/>\t\t\t\t\t\t\t\t\t\t\t\t\t\t\t<\/div>\n\t\t\t\t<\/div>\n\t\t\t\t\t<\/div>\n\t\t<\/div>\n\t\t\t\t\t<\/div>\n\t\t<\/section>\n\t\t\t\t<section class=\"elementor-section elementor-top-section elementor-element elementor-element-f99d3d3 avco-job-detail-content elementor-section-boxed elementor-section-height-default elementor-section-height-default\" data-id=\"f99d3d3\" data-element_type=\"section\" data-settings=\"{&quot;background_background&quot;:&quot;slideshow&quot;,&quot;background_slideshow_gallery&quot;:[],&quot;background_slideshow_loop&quot;:&quot;yes&quot;,&quot;background_slideshow_slide_duration&quot;:5000,&quot;background_slideshow_slide_transition&quot;:&quot;fade&quot;,&quot;background_slideshow_transition_duration&quot;:500}\">\n\t\t\t\t\t\t<div class=\"elementor-container elementor-column-gap-default\">\n\t\t\t\t\t<div class=\"elementor-column elementor-col-100 elementor-top-column elementor-element elementor-element-a91607c\" data-id=\"a91607c\" data-element_type=\"column\">\n\t\t\t<div class=\"elementor-widget-wrap elementor-element-populated\">\n\t\t\t\t\t\t<div class=\"elementor-element elementor-element-c550ffc elementor-widget elementor-widget-text-editor\" data-id=\"c550ffc\" data-element_type=\"widget\" data-widget_type=\"text-editor.default\">\n\t\t\t\t<div class=\"elementor-widget-container\">\n\t\t\t\t\t\t\t\t\t<p>Unsere Mitarbeiter verf\u00fcgen \u00fcber langj\u00e4hrige Engineering Erfahrung (aus verschiedenen Industrien) und unterst\u00fctzen Sie bei der Umsetzung Ihres Projektvorhabens.<\/p><p>Professionell und zuverl\u00e4ssig.<\/p>\t\t\t\t\t\t\t\t<\/div>\n\t\t\t\t<\/div>\n\t\t\t\t\t<\/div>\n\t\t<\/div>\n\t\t\t\t\t<\/div>\n\t\t<\/section>\n\t\t\t\t<\/div>\n\t\t<div class=\"mega-wrap\" aria-hidden=\"true\"><div class=\"mega\" role=\"region\" aria-label=\"Offer menu\"><div class=\"mega-inner\"><div class=\"col col-left\"><ul class=\"left-list\"><li data-target=\"group-2679\"><a href=\"https:\/\/avecco.ch\/es\/jobangebot\/\" class=\"\">oferta de trabajo<\/a><span class=\"arrow\"><\/span><\/li><li><a href=\"https:\/\/avecco.ch\/es\/angebot\/\" class=\"\">Engineering<\/a><\/li><li><a href=\"https:\/\/avecco.ch\/es\/clean\/\" class=\"\">Personal<\/a><\/li><li><a href=\"https:\/\/avecco.ch\/es\/applicationform\/\" class=\"\">Bewerbung<\/a><\/li><\/ul><\/div><div class=\"col col-center\"><div id=\"group-2679\" class=\"group\"><ul><li><a href=\"https:\/\/avecco.ch\/es\/software-web-opportunities\/\" class=\"\">Software Development<\/a><\/li><li><a href=\"https:\/\/avecco.ch\/es\/data-science-jobs\/\" class=\"\">Ciencia de los datos<\/a><\/li><li><a href=\"https:\/\/avecco.ch\/es\/mechanical-engineering\/\" class=\"\">Mechanical Engineering<\/a><\/li><li><a href=\"https:\/\/avecco.ch\/es\/electric-engineering\/\" class=\"\">Electrical Engineering<\/a><\/li><\/ul><\/div><\/div><div class=\"col col-right\"><div class=\"promo\"><img decoding=\"async\" src=\"https:\/\/avecco.ch\/wp-content\/uploads\/2025\/11\/what-we-offer.png\" alt=\"Offer image\"><\/div><\/div><\/div><\/div><\/div><div class=\"mobile-menu\" id=\"mobileMenu\"><div class=\"close_wrapper\"><div class=\"logo\"><a href=\"\" class=\"logo-link\"><img decoding=\"async\" src=\"https:\/\/avecco.ch\/wp-content\/uploads\/2025\/10\/cropped-Avecco-Logo-with-slogan_Plan-de-travail-1-300x148-1-1-2.png\" alt=\"logo\" class=\"icon\"><\/a><\/div><span class=\"close-popup-mobile\"><svg xmlns=\"http:\/\/www.w3.org\/2000\/svg\" width=\"16\" height=\"16\" viewbox=\"0 0 16 16\" fill=\"none\">\n<path d=\"M14.8571 16C14.5646 16 14.2721 15.8884 14.049 15.6652L7.99999 9.61624L1.951 15.6653C1.5047 16.1116 0.78107 16.1116 0.334769 15.6653C0.111597 15.4421 3.24752e-05 15.1497 3.24752e-05 14.8571C3.24752e-05 14.5646 0.111597 14.2721 0.334769 14.049L6.38375 8L0.334726 1.95098C-0.111575 1.50463 -0.111575 0.781043 0.334726 0.334742C0.781027 -0.111559 1.50466 -0.111602 1.95096 0.334742L7.99999 6.38373L14.049 0.334742C14.4953 -0.111559 15.219 -0.111559 15.6653 0.334742C15.8884 0.557914 16 0.850354 16 1.14288C16 1.43536 15.8885 1.72785 15.6653 1.95102L9.61622 8L15.6653 14.049C16.1116 14.4953 16.1116 15.2189 15.6653 15.6652C15.4421 15.8884 15.1496 16 14.8571 16Z\" fill=\"#2A2A2A\"\/>\n<\/svg><\/span><\/div><ul class=\"mobile-menu-list\"><li><a href=\"https:\/\/avecco.ch\/es\/\" class=\"\">Home<\/a><\/li><li class=\"has-submenu\"><a href=\"https:\/\/avecco.ch\/es\/candidates\/\" class=\"\">Oferta<span class=\"arrow\"><\/span><\/a><ul class=\"submenu\"><li class=\"has-submenu\"><a href=\"https:\/\/avecco.ch\/es\/jobangebot\/\" class=\"\">oferta de trabajo<span class=\"arrow\"><\/span><\/a><ul class=\"sub-submenu\"><li><a href=\"https:\/\/avecco.ch\/es\/software-web-opportunities\/\" class=\"\">Software Development<\/a><\/li><li><a href=\"https:\/\/avecco.ch\/es\/data-science-jobs\/\" class=\"\">Ciencia de los datos<\/a><\/li><li><a href=\"https:\/\/avecco.ch\/es\/mechanical-engineering\/\" class=\"\">Mechanical Engineering<\/a><\/li><li><a href=\"https:\/\/avecco.ch\/es\/electric-engineering\/\" class=\"\">Electrical Engineering<\/a><\/li><\/ul><li><a href=\"https:\/\/avecco.ch\/es\/angebot\/\" class=\"\">Engineering<\/a><li><a href=\"https:\/\/avecco.ch\/es\/clean\/\" class=\"\">Personal<\/a><li><a href=\"https:\/\/avecco.ch\/es\/applicationform\/\" class=\"\">Bewerbung<\/a><div class=\"mobile-promo\"><img decoding=\"async\" src=\"https:\/\/avecco.ch\/wp-content\/uploads\/2025\/11\/what-we-offer.png\" alt=\"Offer image\"><\/div><\/ul><\/li><li><a href=\"https:\/\/avecco.ch\/es\/companies\/\" class=\"\">Referencias<\/a><\/li><li><a href=\"https:\/\/avecco.ch\/es\/about-us\/\" class=\"\">Sobre Nosotros<\/a><\/li><li><a href=\"https:\/\/avecco.ch\/es\/cvlist\/\" class=\"\">Unsere Kandidaten<\/a><\/li><li><a href=\"https:\/\/avecco.ch\/es\/#home-contact\" class=\"\">Contacte con<\/a><\/li><\/ul><\/div>","protected":false},"excerpt":{"rendered":"<p>Engineering\u200b F\u00fcr unsere Kunden arbeiten wir ebenso an klar definierten Arbeitspaketen. Wir erstellen Machbarkeitsstudien, Kosten-Nutzen Analysen und bearbeiten in den Fachbereichen Systemtechnik, Maschinentechnik, Elektro- und Leittechnik als auch Bautechnik Engineering Projekte. Hierbei unterst\u00fctzen wir in den Projektphasen: Konzept =&gt; Klassierungen, Kategorisierungen, anzuwendende Regelwerke, Qualifikationsverfahren. Design und Auslegung =&gt; Spezifikationen f\u00fcr Komponenten und Systeme unter Ber\u00fccksichtigung [&hellip;]<\/p>","protected":false},"author":1,"featured_media":0,"parent":0,"menu_order":0,"comment_status":"closed","ping_status":"closed","template":"","meta":{"site-sidebar-layout":"no-sidebar","site-content-layout":"page-builder","ast-site-content-layout":"default","site-content-style":"default","site-sidebar-style":"default","ast-global-header-display":"","ast-banner-title-visibility":"","ast-main-header-display":"","ast-hfb-above-header-display":"","ast-hfb-below-header-display":"","ast-hfb-mobile-header-display":"","site-post-title":"disabled","ast-breadcrumbs-content":"","ast-featured-img":"disabled","footer-sml-layout":"","ast-disable-related-posts":"","theme-transparent-header-meta":"default","adv-header-id-meta":"","stick-header-meta":"","header-above-stick-meta":"","header-main-stick-meta":"","header-below-stick-meta":"","astra-migrate-meta-layouts":"default","ast-page-background-enabled":"default","ast-page-background-meta":{"desktop":{"background-color":"var(--ast-global-color-4)","background-image":"","background-repeat":"repeat","background-position":"center center","background-size":"auto","background-attachment":"scroll","background-type":"","background-media":"","overlay-type":"","overlay-color":"","overlay-opacity":"","overlay-gradient":""},"tablet":{"background-color":"","background-image":"","background-repeat":"repeat","background-position":"center center","background-size":"auto","background-attachment":"scroll","background-type":"","background-media":"","overlay-type":"","overlay-color":"","overlay-opacity":"","overlay-gradient":""},"mobile":{"background-color":"","background-image":"","background-repeat":"repeat","background-position":"center center","background-size":"auto","background-attachment":"scroll","background-type":"","background-media":"","overlay-type":"","overlay-color":"","overlay-opacity":"","overlay-gradient":""}},"ast-content-background-meta":{"desktop":{"background-color":"var(--ast-global-color-5)","background-image":"","background-repeat":"repeat","background-position":"center center","background-size":"auto","background-attachment":"scroll","background-type":"","background-media":"","overlay-type":"","overlay-color":"","overlay-opacity":"","overlay-gradient":""},"tablet":{"background-color":"var(--ast-global-color-5)","background-image":"","background-repeat":"repeat","background-position":"center center","background-size":"auto","background-attachment":"scroll","background-type":"","background-media":"","overlay-type":"","overlay-color":"","overlay-opacity":"","overlay-gradient":""},"mobile":{"background-color":"var(--ast-global-color-5)","background-image":"","background-repeat":"repeat","background-position":"center center","background-size":"auto","background-attachment":"scroll","background-type":"","background-media":"","overlay-type":"","overlay-color":"","overlay-opacity":"","overlay-gradient":""}},"footnotes":""},"class_list":["post-942","page","type-page","status-publish","hentry"],"yoast_head":"<!-- This site is optimized with the Yoast SEO plugin v26.8 - https:\/\/yoast.com\/product\/yoast-seo-wordpress\/ -->\n<title>Engineering - avecco.ch<\/title>\n<meta name=\"robots\" content=\"index, follow, max-snippet:-1, max-image-preview:large, max-video-preview:-1\" \/>\n<link rel=\"canonical\" href=\"https:\/\/avecco.ch\/es\/engineering\/\" \/>\n<meta property=\"og:locale\" content=\"es_ES\" \/>\n<meta property=\"og:type\" content=\"article\" \/>\n<meta property=\"og:title\" content=\"Engineering - avecco.ch\" \/>\n<meta property=\"og:description\" content=\"Engineering\u200b F\u00fcr unsere Kunden arbeiten wir ebenso an klar definierten Arbeitspaketen. Wir erstellen Machbarkeitsstudien, Kosten-Nutzen Analysen und bearbeiten in den Fachbereichen Systemtechnik, Maschinentechnik, Elektro- und Leittechnik als auch Bautechnik Engineering Projekte. Hierbei unterst\u00fctzen wir in den Projektphasen: Konzept =&gt; Klassierungen, Kategorisierungen, anzuwendende Regelwerke, Qualifikationsverfahren. Design und Auslegung =&gt; Spezifikationen f\u00fcr Komponenten und Systeme unter Ber\u00fccksichtigung [&hellip;]\" \/>\n<meta property=\"og:url\" content=\"https:\/\/avecco.ch\/es\/engineering\/\" \/>\n<meta property=\"og:site_name\" content=\"avecco.ch\" \/>\n<meta property=\"article:modified_time\" content=\"2025-11-05T13:29:50+00:00\" \/>\n<meta property=\"og:image\" content=\"https:\/\/avecco.ch\/wp-content\/uploads\/2020\/10\/Job-Offer-Featured-Image-Template.jpg\" \/>\n<meta name=\"twitter:card\" content=\"summary_large_image\" \/>\n<meta name=\"twitter:label1\" content=\"Tiempo de lectura\" \/>\n\t<meta name=\"twitter:data1\" content=\"1 minuto\" \/>\n<script type=\"application\/ld+json\" class=\"yoast-schema-graph\">{\"@context\":\"https:\/\/schema.org\",\"@graph\":[{\"@type\":\"WebPage\",\"@id\":\"https:\/\/avecco.ch\/engineering\/\",\"url\":\"https:\/\/avecco.ch\/engineering\/\",\"name\":\"Engineering - avecco.ch\",\"isPartOf\":{\"@id\":\"https:\/\/avecco.ch\/#website\"},\"primaryImageOfPage\":{\"@id\":\"https:\/\/avecco.ch\/engineering\/#primaryimage\"},\"image\":{\"@id\":\"https:\/\/avecco.ch\/engineering\/#primaryimage\"},\"thumbnailUrl\":\"https:\/\/avecco.ch\/wp-content\/uploads\/2020\/10\/Job-Offer-Featured-Image-Template.jpg\",\"datePublished\":\"2021-07-03T06:31:32+00:00\",\"dateModified\":\"2025-11-05T13:29:50+00:00\",\"breadcrumb\":{\"@id\":\"https:\/\/avecco.ch\/engineering\/#breadcrumb\"},\"inLanguage\":\"es\",\"potentialAction\":[{\"@type\":\"ReadAction\",\"target\":[\"https:\/\/avecco.ch\/engineering\/\"]}]},{\"@type\":\"ImageObject\",\"inLanguage\":\"es\",\"@id\":\"https:\/\/avecco.ch\/engineering\/#primaryimage\",\"url\":\"https:\/\/avecco.ch\/wp-content\/uploads\/2020\/10\/Job-Offer-Featured-Image-Template.jpg\",\"contentUrl\":\"https:\/\/avecco.ch\/wp-content\/uploads\/2020\/10\/Job-Offer-Featured-Image-Template.jpg\"},{\"@type\":\"BreadcrumbList\",\"@id\":\"https:\/\/avecco.ch\/engineering\/#breadcrumb\",\"itemListElement\":[{\"@type\":\"ListItem\",\"position\":1,\"name\":\"Home\",\"item\":\"https:\/\/avecco.ch\/\"},{\"@type\":\"ListItem\",\"position\":2,\"name\":\"Engineering\"}]},{\"@type\":\"WebSite\",\"@id\":\"https:\/\/avecco.ch\/#website\",\"url\":\"https:\/\/avecco.ch\/\",\"name\":\"avecco.ch\",\"description\":\"simplifying complex projects\",\"publisher\":{\"@id\":\"https:\/\/avecco.ch\/#organization\"},\"potentialAction\":[{\"@type\":\"SearchAction\",\"target\":{\"@type\":\"EntryPoint\",\"urlTemplate\":\"https:\/\/avecco.ch\/?s={search_term_string}\"},\"query-input\":{\"@type\":\"PropertyValueSpecification\",\"valueRequired\":true,\"valueName\":\"search_term_string\"}}],\"inLanguage\":\"es\"},{\"@type\":\"Organization\",\"@id\":\"https:\/\/avecco.ch\/#organization\",\"name\":\"avecco.ch\",\"url\":\"https:\/\/avecco.ch\/\",\"logo\":{\"@type\":\"ImageObject\",\"inLanguage\":\"es\",\"@id\":\"https:\/\/avecco.ch\/#\/schema\/logo\/image\/\",\"url\":\"https:\/\/avecco.ch\/wp-content\/uploads\/2025\/10\/cropped-cropped-Avecco-Logo-with-slogan_Plan-de-travail-1-300x148-1-1-3.png\",\"contentUrl\":\"https:\/\/avecco.ch\/wp-content\/uploads\/2025\/10\/cropped-cropped-Avecco-Logo-with-slogan_Plan-de-travail-1-300x148-1-1-3.png\",\"width\":452,\"height\":137,\"caption\":\"avecco.ch\"},\"image\":{\"@id\":\"https:\/\/avecco.ch\/#\/schema\/logo\/image\/\"}}]}<\/script>\n<!-- \/ Yoast SEO plugin. -->","yoast_head_json":{"title":"Engineering - avecco.ch","robots":{"index":"index","follow":"follow","max-snippet":"max-snippet:-1","max-image-preview":"max-image-preview:large","max-video-preview":"max-video-preview:-1"},"canonical":"https:\/\/avecco.ch\/es\/engineering\/","og_locale":"es_ES","og_type":"article","og_title":"Engineering - avecco.ch","og_description":"Engineering\u200b F\u00fcr unsere Kunden arbeiten wir ebenso an klar definierten Arbeitspaketen. Wir erstellen Machbarkeitsstudien, Kosten-Nutzen Analysen und bearbeiten in den Fachbereichen Systemtechnik, Maschinentechnik, Elektro- und Leittechnik als auch Bautechnik Engineering Projekte. Hierbei unterst\u00fctzen wir in den Projektphasen: Konzept =&gt; Klassierungen, Kategorisierungen, anzuwendende Regelwerke, Qualifikationsverfahren. Design und Auslegung =&gt; Spezifikationen f\u00fcr Komponenten und Systeme unter Ber\u00fccksichtigung [&hellip;]","og_url":"https:\/\/avecco.ch\/es\/engineering\/","og_site_name":"avecco.ch","article_modified_time":"2025-11-05T13:29:50+00:00","og_image":[{"url":"https:\/\/avecco.ch\/wp-content\/uploads\/2020\/10\/Job-Offer-Featured-Image-Template.jpg","type":"","width":"","height":""}],"twitter_card":"summary_large_image","twitter_misc":{"Tiempo de lectura":"1 minuto"},"schema":{"@context":"https:\/\/schema.org","@graph":[{"@type":"WebPage","@id":"https:\/\/avecco.ch\/engineering\/","url":"https:\/\/avecco.ch\/engineering\/","name":"Engineering - avecco.ch","isPartOf":{"@id":"https:\/\/avecco.ch\/#website"},"primaryImageOfPage":{"@id":"https:\/\/avecco.ch\/engineering\/#primaryimage"},"image":{"@id":"https:\/\/avecco.ch\/engineering\/#primaryimage"},"thumbnailUrl":"https:\/\/avecco.ch\/wp-content\/uploads\/2020\/10\/Job-Offer-Featured-Image-Template.jpg","datePublished":"2021-07-03T06:31:32+00:00","dateModified":"2025-11-05T13:29:50+00:00","breadcrumb":{"@id":"https:\/\/avecco.ch\/engineering\/#breadcrumb"},"inLanguage":"es","potentialAction":[{"@type":"ReadAction","target":["https:\/\/avecco.ch\/engineering\/"]}]},{"@type":"ImageObject","inLanguage":"es","@id":"https:\/\/avecco.ch\/engineering\/#primaryimage","url":"https:\/\/avecco.ch\/wp-content\/uploads\/2020\/10\/Job-Offer-Featured-Image-Template.jpg","contentUrl":"https:\/\/avecco.ch\/wp-content\/uploads\/2020\/10\/Job-Offer-Featured-Image-Template.jpg"},{"@type":"BreadcrumbList","@id":"https:\/\/avecco.ch\/engineering\/#breadcrumb","itemListElement":[{"@type":"ListItem","position":1,"name":"Home","item":"https:\/\/avecco.ch\/"},{"@type":"ListItem","position":2,"name":"Engineering"}]},{"@type":"WebSite","@id":"https:\/\/avecco.ch\/#website","url":"https:\/\/avecco.ch\/","name":"avecco.ch","description":"simplifying complex projects","publisher":{"@id":"https:\/\/avecco.ch\/#organization"},"potentialAction":[{"@type":"SearchAction","target":{"@type":"EntryPoint","urlTemplate":"https:\/\/avecco.ch\/?s={search_term_string}"},"query-input":{"@type":"PropertyValueSpecification","valueRequired":true,"valueName":"search_term_string"}}],"inLanguage":"es"},{"@type":"Organization","@id":"https:\/\/avecco.ch\/#organization","name":"avecco.ch","url":"https:\/\/avecco.ch\/","logo":{"@type":"ImageObject","inLanguage":"es","@id":"https:\/\/avecco.ch\/#\/schema\/logo\/image\/","url":"https:\/\/avecco.ch\/wp-content\/uploads\/2025\/10\/cropped-cropped-Avecco-Logo-with-slogan_Plan-de-travail-1-300x148-1-1-3.png","contentUrl":"https:\/\/avecco.ch\/wp-content\/uploads\/2025\/10\/cropped-cropped-Avecco-Logo-with-slogan_Plan-de-travail-1-300x148-1-1-3.png","width":452,"height":137,"caption":"avecco.ch"},"image":{"@id":"https:\/\/avecco.ch\/#\/schema\/logo\/image\/"}}]}},"_links":{"self":[{"href":"https:\/\/avecco.ch\/es\/wp-json\/wp\/v2\/pages\/942","targetHints":{"allow":["GET"]}}],"collection":[{"href":"https:\/\/avecco.ch\/es\/wp-json\/wp\/v2\/pages"}],"about":[{"href":"https:\/\/avecco.ch\/es\/wp-json\/wp\/v2\/types\/page"}],"author":[{"embeddable":true,"href":"https:\/\/avecco.ch\/es\/wp-json\/wp\/v2\/users\/1"}],"replies":[{"embeddable":true,"href":"https:\/\/avecco.ch\/es\/wp-json\/wp\/v2\/comments?post=942"}],"version-history":[{"count":108,"href":"https:\/\/avecco.ch\/es\/wp-json\/wp\/v2\/pages\/942\/revisions"}],"predecessor-version":[{"id":3457,"href":"https:\/\/avecco.ch\/es\/wp-json\/wp\/v2\/pages\/942\/revisions\/3457"}],"wp:attachment":[{"href":"https:\/\/avecco.ch\/es\/wp-json\/wp\/v2\/media?parent=942"}],"curies":[{"name":"wp","href":"https:\/\/api.w.org\/{rel}","templated":true}]}}